{"id":9114,"date":"2022-12-06T08:23:14","date_gmt":"2022-12-06T08:23:14","guid":{"rendered":"https:\/\/test-smartrobotics.u-digital.nl\/?page_id=9114"},"modified":"2026-02-26T07:56:24","modified_gmt":"2026-02-26T07:56:24","slug":"kontakt","status":"publish","type":"page","link":"https:\/\/test-smartrobotics.u-digital.nl\/de\/kontakt\/","title":{"rendered":"Contact &#8211; DE"},"content":{"rendered":"<section class=\"contact-form top-padding bg-gradient \" id=\"\">\n  <div class=\"container\">\n    <div class=\"row justify-content-between align-items-stretch\">\n      <div class=\"col-12 col-lg-6\">\n        <div class=\"content-text\">\n          <h2 class=\"title\">Kontakt<\/h2>\n          <p>Sie haben Fragen oder ben\u00f6tigen Unterst\u00fctzung?\r\n\r\nWir sind gerne f\u00fcr Sie da \u2013 ganz gleich, ob Sie mehr \u00fcber unsere L\u00f6sungen erfahren m\u00f6chten, bereits Kunde sind und Support brauchen oder sich einfach mit uns vernetzen m\u00f6chten.\r\n\r\nF\u00fcllen Sie einfach das Formular aus und ein Teammitglied meldet sich so schnell wie m\u00f6glich bei Ihnen.<\/p>\n          <div class=\"video-wrapper d-none d-lg-block\">\n            <!-- <div class=\"overlay\"><\/div> -->\n\n                                          <img loading=\"lazy\" decoding=\"async\" src=\"https:\/\/test-smartrobotics.u-digital.nl\/wp-content\/uploads\/2022\/12\/contact-us-replace-video-min.jpg\" alt=\"\" title=\"contact-us-replace-video-min\" width=\"1200\" height=\"801\" class=\"aligncenter size-full wp-image-1929 \" srcset=\"https:\/\/test-smartrobotics.u-digital.nl\/wp-content\/uploads\/2022\/12\/contact-us-replace-video-min.jpg 1200w, https:\/\/test-smartrobotics.u-digital.nl\/wp-content\/uploads\/2022\/12\/contact-us-replace-video-min-300x200.jpg 300w, https:\/\/test-smartrobotics.u-digital.nl\/wp-content\/uploads\/2022\/12\/contact-us-replace-video-min-1024x684.jpg 1024w, https:\/\/test-smartrobotics.u-digital.nl\/wp-content\/uploads\/2022\/12\/contact-us-replace-video-min-768x513.jpg 768w\" sizes=\"auto, (max-width: 1200px) 100vw, 1200px\" \/>                                    <\/div>\n        <\/div>\n      <\/div>\n      <div class=\"col-12 col-lg-6\">\n        <div class=\"content-form\">\n          <script src=\"https:\/\/js.hsforms.net\/forms\/embed\/developer\/9125639.js\" defer=\"defer\"><\/script><div class=\"hs-form-html\" data-region=\"na1\" data-form-id=\"c4779d16-75b0-4b6c-823c-647ee47f3c5c\" data-portal-id=\"9125639\"><\/div>        <\/div>\n      <\/div>\n    <\/div>\n  <\/div>\n<\/section>\n\n<section class=\"contact-grid4cols bg-gradient \" id=\"\">\n  <div class=\"container\">\n    <div class=\"row justify-content-between align-items-center\">\n                        <div class=\"col-12 col-lg-3\">\n            <div class=\"contact-grid-content\">\n              <div class=\"icon\"><i class=\"fas fa-phone-alt\"><\/i><\/div>\n              <div class=\"info\">\n                <p class=\"label\">Telefon<\/p>\n                <p><a href=\"tel:+ 31407440448\">+ 31 (0)40 744 04 48<\/a><\/p>\n              <\/div>\n            <\/div>\n          <\/div>\n                  <div class=\"col-12 col-lg-3\">\n            <div class=\"contact-grid-content\">\n              <div class=\"icon\"><i class=\"fas fa-envelope\"><\/i><\/div>\n              <div class=\"info\">\n                <p class=\"label\">Email<\/p>\n                <p><a href=\"mailto:info@smart-robotics.nl\">info@smart-robotics.nl<\/a><\/p>\n              <\/div>\n            <\/div>\n          <\/div>\n                  <div class=\"col-12 col-lg-3\">\n            <div class=\"contact-grid-content\">\n              <div class=\"icon\"><i class=\"fas fa-cog\"><\/i><\/div>\n              <div class=\"info\">\n                <p class=\"label\">Service Team<\/p>\n                <p><a href=\"tel:+ 31858088241\">+31 (0) 85 808 8241\u00a0<\/a><\/p>\n<p><a href=\"mailto:service@smart-robotics.nl\">service@smart-robotics.nl<\/a><\/p>\n              <\/div>\n            <\/div>\n          <\/div>\n                  <div class=\"col-12 col-lg-3\">\n            <div class=\"contact-grid-content\">\n              <div class=\"icon\"><i class=\"fab fa-linkedin-in\"><\/i><\/div>\n              <div class=\"info\">\n                <p class=\"label\">LinkedIn<\/p>\n                <p><a href=\"http:\/\/linkedin.com\/\/company\/smart-robotics\/\">\/company\/smart-robotics\/<\/a><\/p>\n              <\/div>\n            <\/div>\n          <\/div>\n                  <\/div>\n  <\/div>\n<\/section>\n\n\n    <section class=\"video-fullwidth d-block d-lg-none   \" id=\"\">\n                                    <div class=\"video-container\">\n                    <video class=\"srVideo\" preload=\"auto\">\n                        <source src=\"https:\/\/test-smartrobotics.u-digital.nl\/wp-content\/uploads\/2022\/11\/2022-Smart-Robotics-compilation-720P.mp4\" type=\"video\/mp4\">\n                        Your browser does not support the video tag.                    <\/video>\n                <\/div>\n                <div class=\"video-overlay\"><\/div>\n                <div class=\"container text-container ps-lg-6\">\n                    <h2 class=\"title mt-8\">Smart Robotics brand movie<\/h2>\n                    <div class=\"controls srVideo-controls d-flex flex-row align-items-center mt-5 mt-lg-4\">\n                        <div class=\"playpause d-flex align-items-center justify-content-center me-5\">\n                            <i class=\"fa fa-play\"><\/i>\n                            <i class=\"fa fa-pause\"><\/i>\n                        <\/div>\n                        <p class=\"mb-0\">Watch video<\/p>\n                    <\/div>\n                <\/div>\n                            \n    <\/section>\n\n\n\n\n<section class=\"contact-maps bg-gradient \" id=\"\">\n  <div class=\"container\">\n    <div class=\"row\">\n      <div class=\"col-12 position-relative\">\n        <div class=\"maps-wrapper\">\n          <iframe src=\"https:\/\/www.google.com\/maps\/embed?pb=!1m18!1m12!1m3!1d2484.3686749482163!2d5.390711476691864!3d51.48810167180886!2m3!1f0!2f0!3f0!3m2!1i1024!2i768!4f13.1!3m3!1m2!1s0x47c6dc630437673f%3A0xb95c8457058c3b5!2sDe%20Rijn%206%2C%205684%20PJ%20Best%2C%20Netherlands!5e0!3m2!1sen!2sid!4v1738841354132!5m2!1sen!2sid\" width=\"100%\" height=\"100%\" style=\"border:0;\" allowfullscreen=\"\" loading=\"lazy\" referrerpolicy=\"no-referrer-when-downgrade\"><\/iframe>        <\/div>\n        <div class=\"absolute-image\">\n                      <img decoding=\"async\" src=\"https:\/\/test-smartrobotics.u-digital.nl\/wp-content\/uploads\/2022\/12\/contact-us-map-cutout-min.png\" alt=\"\">\n                  <\/div>\n      <\/div>\n    <\/div>\n  <\/div>\n<\/section>\n\n  <section class=\"grid2cols with-background bg-gradient with-contactinfo \" id=\"\">\n    <div class=\"container\">\n      <div class=\"row flex-column flex-lg-row justify-content-center align-items-stretch\">\n        <div class=\"col-12 col-lg-6\">\n          <div class=\"content-text\">\n                          <h2 class=\"title\">Online helpdesk f\u00fcr <span class=\"title-blue\">dringende Servicef\u00e4lle?<\/span><\/h2>\n                                      <p class=\"intro\">Als Anbieter f\u00fcr Picking-Automatisierung setzen wir alles daran, unseren Kunden den bestm\u00f6glichen Service zu bieten. Wir stehen an Ihrer Seite, verl\u00e4sslich, engagiert und mit dem Ziel, Ihnen genau dann den R\u00fccken freizuhalten, wenn es darauf ankommt.<\/p>\n                                                <div class=\"contact-wrapper row mt-4\">\n                            <div class=\"col-12 col-lg-6\">\n                <div class=\"contact-grid-content\">\n                  <div class=\"icon\"><i class=\"fas fa-phone-alt\"><\/i><\/div>\n                  <div class=\"info\">\n                    <p class=\"label\">Telefon<\/p>\n                    <p><a href=\"tel:+ 31858088241\">+31 (0) 85 808 8241\u00a0<\/a><\/p>\n                  <\/div>\n                <\/div>\n              <\/div>\n                            <div class=\"col-12 col-lg-6\">\n                <div class=\"contact-grid-content\">\n                  <div class=\"icon\"><i class=\"fas fa-envelope\"><\/i><\/div>\n                  <div class=\"info\">\n                    <p class=\"label\">Email<\/p>\n                    <p><a href=\"mailto:service@smart-robotics.nl\">service@smart-robotics.nl<\/a><\/p>\n                  <\/div>\n                <\/div>\n              <\/div>\n                          <\/div>\n                      <\/div>\n        <\/div>\n        <div class=\"col-12 col-lg-6\">\n          <div class=\"content-media with-shape h-100\">\n                          <img loading=\"lazy\" decoding=\"async\" src=\"https:\/\/test-smartrobotics.u-digital.nl\/wp-content\/uploads\/2022\/12\/contact-us-online-helpdesk-min.jpg\" alt=\"smart robotics employees\" title=\"contact-us-online-helpdesk-min\" width=\"1200\" height=\"801\" class=\"aligncenter size-full wp-image-1933 h-100\" srcset=\"https:\/\/test-smartrobotics.u-digital.nl\/wp-content\/uploads\/2022\/12\/contact-us-online-helpdesk-min.jpg 1200w, https:\/\/test-smartrobotics.u-digital.nl\/wp-content\/uploads\/2022\/12\/contact-us-online-helpdesk-min-300x200.jpg 300w, https:\/\/test-smartrobotics.u-digital.nl\/wp-content\/uploads\/2022\/12\/contact-us-online-helpdesk-min-1024x684.jpg 1024w, https:\/\/test-smartrobotics.u-digital.nl\/wp-content\/uploads\/2022\/12\/contact-us-online-helpdesk-min-768x513.jpg 768w\" sizes=\"auto, (max-width: 1200px) 100vw, 1200px\" \/>                                      <div class=\"absolute-shape\">\n                <img decoding=\"async\" src=\"https:\/\/test-smartrobotics.u-digital.nl\/wp-content\/themes\/smartrobotics\/assets\/img\/yellow-arrow.png\" alt=\"yellow arrow\" class=\"yellow-arrow\">\n              <\/div>\n                      <\/div>\n        <\/div>\n      <\/div>\n    <\/div>\n  <\/section>\n","protected":false},"excerpt":{"rendered":"","protected":false},"author":16,"featured_media":0,"parent":0,"menu_order":0,"comment_status":"closed","ping_status":"closed","template":"page-contact.php","meta":{"_acf_changed":false,"footnotes":""},"class_list":["post-9114","page","type-page","status-publish","hentry"],"acf":[],"yoast_head":"<!-- This site is optimized with the Yoast SEO plugin v27.2 - https:\/\/yoast.com\/product\/yoast-seo-wordpress\/ -->\n<title>Kontakt - Smart Robotics<\/title>\n<meta name=\"description\" content=\"Wir sind gerne f\u00fcr Sie da \u2013 ganz gleich, ob Sie mehr \u00fcber unsere L\u00f6sungen erfahren m\u00f6chten, bereits Kunde sind und Support brauchen oder sich einfach mit uns vernetzen m\u00f6chten.\" \/>\n<meta name=\"robots\" content=\"noindex, follow, max-snippet:-1, max-image-preview:large, max-video-preview:-1\" \/>\n<meta property=\"og:locale\" content=\"de_DE\" \/>\n<meta property=\"og:type\" content=\"article\" \/>\n<meta property=\"og:title\" content=\"Kontakt - Smart Robotics\" \/>\n<meta property=\"og:description\" content=\"Wir sind gerne f\u00fcr Sie da \u2013 ganz gleich, ob Sie mehr \u00fcber unsere L\u00f6sungen erfahren m\u00f6chten, bereits Kunde sind und Support brauchen oder sich einfach mit uns vernetzen m\u00f6chten.\" \/>\n<meta property=\"og:url\" content=\"https:\/\/test-smartrobotics.u-digital.nl\/de\/kontakt\/\" \/>\n<meta property=\"og:site_name\" content=\"Smart Robotics\" \/>\n<meta property=\"article:modified_time\" content=\"2026-02-26T07:56:24+00:00\" \/>\n<meta name=\"twitter:card\" content=\"summary_large_image\" \/>\n<!-- \/ Yoast SEO plugin. -->","yoast_head_json":{"title":"Kontakt - Smart Robotics","description":"Wir sind gerne f\u00fcr Sie da \u2013 ganz gleich, ob Sie mehr \u00fcber unsere L\u00f6sungen erfahren m\u00f6chten, bereits Kunde sind und Support brauchen oder sich einfach mit uns vernetzen m\u00f6chten.","robots":{"index":"noindex","follow":"follow","max-snippet":"max-snippet:-1","max-image-preview":"max-image-preview:large","max-video-preview":"max-video-preview:-1"},"og_locale":"de_DE","og_type":"article","og_title":"Kontakt - Smart Robotics","og_description":"Wir sind gerne f\u00fcr Sie da \u2013 ganz gleich, ob Sie mehr \u00fcber unsere L\u00f6sungen erfahren m\u00f6chten, bereits Kunde sind und Support brauchen oder sich einfach mit uns vernetzen m\u00f6chten.","og_url":"https:\/\/test-smartrobotics.u-digital.nl\/de\/kontakt\/","og_site_name":"Smart Robotics","article_modified_time":"2026-02-26T07:56:24+00:00","twitter_card":"summary_large_image","schema":{"@context":"https:\/\/schema.org","@graph":[{"@type":"WebPage","@id":"https:\/\/test-smartrobotics.u-digital.nl\/de\/kontakt\/","url":"https:\/\/test-smartrobotics.u-digital.nl\/de\/kontakt\/","name":"Kontakt - Smart Robotics","isPartOf":{"@id":"https:\/\/test-smartrobotics.u-digital.nl\/de\/#website"},"datePublished":"2022-12-06T08:23:14+00:00","dateModified":"2026-02-26T07:56:24+00:00","description":"Wir sind gerne f\u00fcr Sie da \u2013 ganz gleich, ob Sie mehr \u00fcber unsere L\u00f6sungen erfahren m\u00f6chten, bereits Kunde sind und Support brauchen oder sich einfach mit uns vernetzen m\u00f6chten.","breadcrumb":{"@id":"https:\/\/test-smartrobotics.u-digital.nl\/de\/kontakt\/#breadcrumb"},"inLanguage":"de","potentialAction":[{"@type":"ReadAction","target":["https:\/\/test-smartrobotics.u-digital.nl\/de\/kontakt\/"]}]},{"@type":"BreadcrumbList","@id":"https:\/\/test-smartrobotics.u-digital.nl\/de\/kontakt\/#breadcrumb","itemListElement":[{"@type":"ListItem","position":1,"name":"Home","item":"https:\/\/test-smartrobotics.u-digital.nl\/de\/"},{"@type":"ListItem","position":2,"name":"Contact &#8211; DE"}]},{"@type":"WebSite","@id":"https:\/\/test-smartrobotics.u-digital.nl\/de\/#website","url":"https:\/\/test-smartrobotics.u-digital.nl\/de\/","name":"Smart Robotics","description":"Your Pick &amp; Place Partner","potentialAction":[{"@type":"SearchAction","target":{"@type":"EntryPoint","urlTemplate":"https:\/\/test-smartrobotics.u-digital.nl\/de\/?s={search_term_string}"},"query-input":{"@type":"PropertyValueSpecification","valueRequired":true,"valueName":"search_term_string"}}],"inLanguage":"de"}]}},"_links":{"self":[{"href":"https:\/\/test-smartrobotics.u-digital.nl\/de\/wp-json\/wp\/v2\/pages\/9114","targetHints":{"allow":["GET"]}}],"collection":[{"href":"https:\/\/test-smartrobotics.u-digital.nl\/de\/wp-json\/wp\/v2\/pages"}],"about":[{"href":"https:\/\/test-smartrobotics.u-digital.nl\/de\/wp-json\/wp\/v2\/types\/page"}],"author":[{"embeddable":true,"href":"https:\/\/test-smartrobotics.u-digital.nl\/de\/wp-json\/wp\/v2\/users\/16"}],"replies":[{"embeddable":true,"href":"https:\/\/test-smartrobotics.u-digital.nl\/de\/wp-json\/wp\/v2\/comments?post=9114"}],"version-history":[{"count":7,"href":"https:\/\/test-smartrobotics.u-digital.nl\/de\/wp-json\/wp\/v2\/pages\/9114\/revisions"}],"predecessor-version":[{"id":9948,"href":"https:\/\/test-smartrobotics.u-digital.nl\/de\/wp-json\/wp\/v2\/pages\/9114\/revisions\/9948"}],"wp:attachment":[{"href":"https:\/\/test-smartrobotics.u-digital.nl\/de\/wp-json\/wp\/v2\/media?parent=9114"}],"curies":[{"name":"wp","href":"https:\/\/api.w.org\/{rel}","templated":true}]}}